{"id":1520,"date":"2026-03-23T15:54:04","date_gmt":"2026-03-23T14:54:04","guid":{"rendered":"https:\/\/wetzel-tech.de\/produkte\/kompaktfilter\/"},"modified":"2026-04-11T14:51:07","modified_gmt":"2026-04-11T12:51:07","slug":"compact-filter","status":"publish","type":"page","link":"https:\/\/wetzel-tech.de\/en\/products\/compact-filter\/","title":{"rendered":"Compact Filter"},"content":{"rendered":"<div class=\"et_pb_section_0 et_pb_section et_section_regular et_flex_section et_pb_section_parallax\"><span class=\"et-pb-parallax-wrapper\"><span class=\"et-pb-parallax-background et-pb-parallax-background-module--divi-section-0\" style=\"background-image:url(https:\/\/wetzel-tech.de\/wp-content\/uploads\/2026\/03\/wetzel-tech.jpeg)\"><\/span><span class=\"et_parallax_gradient\" style=\"background-image:linear-gradient(180deg, hsl(from #1e3a8a calc(h + 0) calc(s + 0) calc(l + 0) \/ 0.3) 0%,hsl(from #ffffff calc(h + 0) calc(s + 0) calc(l + 0) \/ 0.5) 100%)\"><\/span><\/span><span class=\"et-pb-background-video\"><\/span>\n<div class=\"et_pb_row_0 et_pb_row et_flex_row\">\n<div class=\"et_pb_column_0 et_pb_column et-last-child et_flex_column et_pb_css_mix_blend_mode_passthrough et_flex_column_24_24 et_flex_column_24_24_tablet et_flex_column_24_24_phone\">\n<div class=\"et_pb_text_0 et_pb_text et_pb_bg_layout_light et_animated et_pb_module et_flex_module preset--module--divi-text--bd059722-1dbf-47ff-8931-3f023baf251d\"><div class=\"et_pb_text_inner\"><h1>Compact Filter<\/h1>\n<p>Efficient removal of coarse and fine dust<\/p>\n<\/div><\/div>\n<\/div>\n<\/div>\n\n<div class=\"et_pb_row_1 et_pb_row et_flex_row\">\n<div class=\"et_pb_column_1 et_pb_column et-last-child et_flex_column et_pb_css_mix_blend_mode_passthrough et_flex_column_24_24 et_flex_column_24_24_tablet et_flex_column_24_24_phone\">\n<div class=\"et_pb_module et_pb_button_module_wrapper et_pb_button_0_wrapper\"><a class=\"et_pb_button_0 et_pb_button et_pb_bg_layout_light et_animated et_pb_module et_block_module\" href=\"\/en\/contact\/\">Send inquiry<\/a><\/div>\n<\/div>\n<\/div>\n<\/div>\n\n<div class=\"et_pb_section_1 et_pb_section et_section_regular et_flex_section\">\n<div class=\"et_pb_row_2 et_pb_row et_flex_row\">\n<div class=\"et_pb_column_2 et_pb_column et_flex_column et_pb_css_mix_blend_mode_passthrough et_flex_column_16_24 et_flex_column_16_24_tablet et_flex_column_24_24_phone\">\n<div class=\"et_pb_text_1 et_pb_text et_pb_bg_layout_light et_animated et_pb_module et_flex_module preset--module--divi-text--bd059722-1dbf-47ff-8931-3f023baf251d\"><div class=\"et_pb_text_inner\"><h2>Applications and Features<\/h2>\n<p>\nStandard compact filters from the Wetzel portfolio are primarily used for the separation of coarse and fine dust particles. In addition, Wetzel offers special compact filters for applications with increased stability and operational reliability requirements, for example with fully bonded pleat packs and foamed clean-side handle protection for use in gas turbines and compressors.\n<\/p>\n<p>\nFilters in classes M6 \u2013 F9 according to EN 779:2012 are available in \u201c2V\u201d or \u201c4V\u201d configurations, as well as in intermediate sizes 5\/6 and 1\/2.<\/p>\n<\/div><\/div>\n<\/div>\n\n<div class=\"et_pb_column_3 et_pb_column et-last-child et_flex_column et_pb_css_mix_blend_mode_passthrough et_flex_column_8_24 et_flex_column_8_24_tablet et_flex_column_24_24_phone\">\n<div class=\"et_pb_image_0 et_pb_image et_pb_module et_flex_module\"><span class=\"et_pb_image_wrap\"><img decoding=\"async\" src=\"https:\/\/wetzel-tech.de\/wp-content\/uploads\/2026\/03\/Kompaktfilter-002-1.png\" title=\"Kompaktfilter-002\" width=\"555\" height=\"685\" srcset=\"https:\/\/wetzel-tech.de\/wp-content\/uploads\/2026\/03\/Kompaktfilter-002-1.png 555w, https:\/\/wetzel-tech.de\/wp-content\/uploads\/2026\/03\/Kompaktfilter-002-1-480x592.png 480w\" sizes=\"(min-width: 0px) and (max-width: 480px) 480px, (min-width: 481px) 555px, 100vw\" class=\"wp-image-458\" \/><\/span><\/div>\n<\/div>\n<\/div>\n<\/div>\n\n<div class=\"et_pb_section_2 et_pb_section et_section_regular et_flex_section\" id=\"verwaltung\">\n<div class=\"et_pb_row_3 et_pb_row et_flex_row\">\n<div class=\"et_pb_column_4 et_pb_column et_flex_column et_pb_css_mix_blend_mode_passthrough et_flex_column_12_24 et_flex_column_12_24_tablet et_flex_column_24_24_phone\">\n<div class=\"et_pb_text_2 et_pb_text et_pb_bg_layout_light et_animated et_pb_module et_flex_module preset--module--divi-text--bd059722-1dbf-47ff-8931-3f023baf251d\"><div class=\"et_pb_text_inner\"><h2>Compact Filters<\/h2>\n<p>Features a durable, moisture-resistant polypropylene filter media. Also available with glass fiber media.<\/p>\n<\/div><\/div>\n<\/div>\n\n<div class=\"et_pb_column_5 et_pb_column et-last-child et_flex_column et_pb_css_mix_blend_mode_passthrough et_flex_column_12_24 et_flex_column_12_24_tablet et_flex_column_24_24_phone\">\n<div class=\"et_pb_image_1 et_pb_image et_pb_module et_flex_module\"><span class=\"et_pb_image_wrap\"><img decoding=\"async\" src=\"https:\/\/wetzel-tech.de\/wp-content\/uploads\/2026\/03\/Kompaktfilter-001-1.png\" title=\"Kompaktfilter-001\" width=\"1082\" height=\"685\" srcset=\"https:\/\/wetzel-tech.de\/wp-content\/uploads\/2026\/03\/Kompaktfilter-001-1.png 1082w, https:\/\/wetzel-tech.de\/wp-content\/uploads\/2026\/03\/Kompaktfilter-001-1-980x620.png 980w, https:\/\/wetzel-tech.de\/wp-content\/uploads\/2026\/03\/Kompaktfilter-001-1-480x304.png 480w\" sizes=\"(min-width: 0px) and (max-width: 480px) 480px, (min-width: 481px) and (max-width: 980px) 980px, (min-width: 981px) 1082px, 100vw\" class=\"wp-image-459\" \/><\/span><\/div>\n<\/div>\n<\/div>\n\n<div class=\"et_pb_row_4 et_pb_row et_flex_row\">\n<div class=\"et_pb_column_6 et_pb_column et-last-child et_flex_column et_pb_css_mix_blend_mode_passthrough et_flex_column_24_24 et_flex_column_24_24_tablet et_flex_column_24_24_phone\">\n<div class=\"et_pb_text_3 et_pb_text et_pb_bg_layout_light et_animated et_pb_module et_flex_module preset--module--divi-text--bd059722-1dbf-47ff-8931-3f023baf251d\"><div class=\"et_pb_text_inner\"><h2>Building depth<\/h2>\n<\/div><\/div>\n\n<div class=\"et_pb_row_5 et_pb_row et_pb_row_nested et_flex_row\">\n<div class=\"et_pb_column_7 et_pb_column et-last-child et_flex_column et_pb_css_mix_blend_mode_passthrough et_flex_column_24_24 et_flex_column_12_24_tablet et_flex_column_24_24_phone\">\n<div class=\"et_pb_row_6 et_pb_row et_pb_row_nested et_flex_row\">\n<div class=\"et_pb_column_8 et_pb_column et_flex_column et_pb_css_mix_blend_mode_passthrough et_flex_column_12_24 et_flex_column_8_24_tablet et_flex_column_12_24_phone\">\n<div class=\"et_pb_text_4 et_pb_text et_pb_bg_layout_light et_pb_module et_flex_module preset--module--divi-text--default\"><div class=\"et_pb_text_inner\"><p>292 mm<\/p>\n<\/div><\/div>\n<\/div>\n\n<div class=\"et_pb_column_9 et_pb_column et-last-child et_flex_column et_pb_css_mix_blend_mode_passthrough et_flex_column_12_24 et_flex_column_8_24_tablet et_flex_column_12_24_phone\">\n<div class=\"et_pb_text_5 et_pb_text et_pb_bg_layout_light et_pb_module et_flex_module preset--module--divi-text--default\"><div class=\"et_pb_text_inner\"><p>400 mm<\/p>\n<\/div><\/div>\n<\/div>\n<\/div>\n<\/div>\n<\/div>\n<\/div>\n<\/div>\n<\/div>\n\n\n\n<div class=\"et_pb_section_4 et_pb_section et_section_regular et_flex_section\">\n<div class=\"et_pb_row_8 et_pb_row et_flex_row\">\n<div class=\"et_pb_column_11 et_pb_column et-last-child et_flex_column et_pb_css_mix_blend_mode_passthrough et_flex_column_24_24 et_flex_column_24_24_tablet et_flex_column_24_24_phone\">\n<div class=\"et_pb_text_7 et_pb_text et_pb_bg_layout_light et_animated et_pb_module et_flex_module preset--module--divi-text--bd059722-1dbf-47ff-8931-3f023baf251d\"><div class=\"et_pb_text_inner\"><h2>Compact filters for your application<\/h2>\n<p>\nSolutions tailored to your needs.<\/p>\n<\/div><\/div>\n\n<div class=\"et_pb_module et_pb_button_module_wrapper et_pb_button_2_wrapper\"><a class=\"et_pb_button_2 et_pb_button et_pb_bg_layout_light et_animated et_pb_module et_flex_module\" href=\"\/en\/contact\/\">Request a compact filter<\/a><\/div>\n<\/div>\n<\/div>\n<\/div>","protected":false},"excerpt":{"rendered":"","protected":false},"author":1,"featured_media":0,"parent":1509,"menu_order":0,"comment_status":"closed","ping_status":"closed","template":"","meta":{"footnotes":""},"class_list":["post-1520","page","type-page","status-publish","hentry"],"yoast_head":"<!-- This site is optimized with the Yoast SEO plugin v27.4 - https:\/\/yoast.com\/product\/yoast-seo-wordpress\/ -->\n<title>Compact Filter Efficient removal of coarse and fine dust<\/title>\n<meta name=\"description\" content=\"Wetzel Technologies Europe GmbH ist einer der weltweit f\u00fchrenden Anbieter von industriellen Luftfiltern und zuverl\u00e4ssiger Qualit\u00e4tslieferant f\u00fcr Wiederverk\u00e4ufer und Anlagenbauer\" \/>\n<meta name=\"robots\" content=\"index, follow, max-snippet:-1, max-image-preview:large, max-video-preview:-1\" \/>\n<link rel=\"canonical\" href=\"https:\/\/wetzel-tech.de\/en\/products\/compact-filter\/\" \/>\n<meta property=\"og:locale\" content=\"en_US\" \/>\n<meta property=\"og:type\" content=\"article\" \/>\n<meta property=\"og:title\" content=\"Compact Filter Efficient removal of coarse and fine dust\" \/>\n<meta property=\"og:description\" content=\"Wetzel Technologies Europe GmbH ist einer der weltweit f\u00fchrenden Anbieter von industriellen Luftfiltern und zuverl\u00e4ssiger Qualit\u00e4tslieferant f\u00fcr Wiederverk\u00e4ufer und Anlagenbauer\" \/>\n<meta property=\"og:url\" content=\"https:\/\/wetzel-tech.de\/en\/products\/compact-filter\/\" \/>\n<meta property=\"og:site_name\" content=\"Wetzel Technologies Europe GmbH\" \/>\n<meta property=\"article:modified_time\" content=\"2026-04-11T12:51:07+00:00\" \/>\n<meta property=\"og:image\" content=\"https:\/\/wetzel-tech.de\/wp-content\/uploads\/2026\/03\/wetztel-technologies.png\" \/>\n\t<meta property=\"og:image:width\" content=\"1345\" \/>\n\t<meta property=\"og:image:height\" content=\"608\" \/>\n\t<meta property=\"og:image:type\" content=\"image\/png\" \/>\n<meta name=\"twitter:card\" content=\"summary_large_image\" \/>\n<script type=\"application\/ld+json\" class=\"yoast-schema-graph\">{\"@context\":\"https:\\\/\\\/schema.org\",\"@graph\":[{\"@type\":\"WebPage\",\"@id\":\"https:\\\/\\\/wetzel-tech.de\\\/en\\\/products\\\/compact-filter\\\/\",\"url\":\"https:\\\/\\\/wetzel-tech.de\\\/en\\\/products\\\/compact-filter\\\/\",\"name\":\"Compact Filter Efficient removal of coarse and fine dust\",\"isPartOf\":{\"@id\":\"https:\\\/\\\/wetzel-tech.de\\\/en\\\/#website\"},\"datePublished\":\"2026-03-23T14:54:04+00:00\",\"dateModified\":\"2026-04-11T12:51:07+00:00\",\"description\":\"Wetzel Technologies Europe GmbH ist einer der weltweit f\u00fchrenden Anbieter von industriellen Luftfiltern und zuverl\u00e4ssiger Qualit\u00e4tslieferant f\u00fcr Wiederverk\u00e4ufer und Anlagenbauer\",\"breadcrumb\":{\"@id\":\"https:\\\/\\\/wetzel-tech.de\\\/en\\\/products\\\/compact-filter\\\/#breadcrumb\"},\"inLanguage\":\"en-US\",\"potentialAction\":[{\"@type\":\"ReadAction\",\"target\":[\"https:\\\/\\\/wetzel-tech.de\\\/en\\\/products\\\/compact-filter\\\/\"]}]},{\"@type\":\"BreadcrumbList\",\"@id\":\"https:\\\/\\\/wetzel-tech.de\\\/en\\\/products\\\/compact-filter\\\/#breadcrumb\",\"itemListElement\":[{\"@type\":\"ListItem\",\"position\":1,\"name\":\"Start\",\"item\":\"https:\\\/\\\/wetzel-tech.de\\\/en\\\/\"},{\"@type\":\"ListItem\",\"position\":2,\"name\":\"Products\",\"item\":\"https:\\\/\\\/wetzel-tech.de\\\/en\\\/products\\\/\"},{\"@type\":\"ListItem\",\"position\":3,\"name\":\"Compact Filter\"}]},{\"@type\":\"WebSite\",\"@id\":\"https:\\\/\\\/wetzel-tech.de\\\/en\\\/#website\",\"url\":\"https:\\\/\\\/wetzel-tech.de\\\/en\\\/\",\"name\":\"Wetzel Technologies Europe GmbH\",\"description\":\"industrielle Luftfilter\",\"publisher\":{\"@id\":\"https:\\\/\\\/wetzel-tech.de\\\/en\\\/#organization\"},\"potentialAction\":[{\"@type\":\"SearchAction\",\"target\":{\"@type\":\"EntryPoint\",\"urlTemplate\":\"https:\\\/\\\/wetzel-tech.de\\\/en\\\/?s={search_term_string}\"},\"query-input\":{\"@type\":\"PropertyValueSpecification\",\"valueRequired\":true,\"valueName\":\"search_term_string\"}}],\"inLanguage\":\"en-US\"},{\"@type\":\"Organization\",\"@id\":\"https:\\\/\\\/wetzel-tech.de\\\/en\\\/#organization\",\"name\":\"Wetzel Technologies Europe GmbH\",\"url\":\"https:\\\/\\\/wetzel-tech.de\\\/en\\\/\",\"logo\":{\"@type\":\"ImageObject\",\"inLanguage\":\"en-US\",\"@id\":\"https:\\\/\\\/wetzel-tech.de\\\/en\\\/#\\\/schema\\\/logo\\\/image\\\/\",\"url\":\"https:\\\/\\\/wetzel-tech.de\\\/wp-content\\\/uploads\\\/2026\\\/03\\\/WTE_LOGO_2025_neu.png\",\"contentUrl\":\"https:\\\/\\\/wetzel-tech.de\\\/wp-content\\\/uploads\\\/2026\\\/03\\\/WTE_LOGO_2025_neu.png\",\"width\":1345,\"height\":608,\"caption\":\"Wetzel Technologies Europe GmbH\"},\"image\":{\"@id\":\"https:\\\/\\\/wetzel-tech.de\\\/en\\\/#\\\/schema\\\/logo\\\/image\\\/\"}}]}<\/script>\n<!-- \/ Yoast SEO plugin. -->","yoast_head_json":{"title":"Compact Filter Efficient removal of coarse and fine dust","description":"Wetzel Technologies Europe GmbH ist einer der weltweit f\u00fchrenden Anbieter von industriellen Luftfiltern und zuverl\u00e4ssiger Qualit\u00e4tslieferant f\u00fcr Wiederverk\u00e4ufer und Anlagenbauer","robots":{"index":"index","follow":"follow","max-snippet":"max-snippet:-1","max-image-preview":"max-image-preview:large","max-video-preview":"max-video-preview:-1"},"canonical":"https:\/\/wetzel-tech.de\/en\/products\/compact-filter\/","og_locale":"en_US","og_type":"article","og_title":"Compact Filter Efficient removal of coarse and fine dust","og_description":"Wetzel Technologies Europe GmbH ist einer der weltweit f\u00fchrenden Anbieter von industriellen Luftfiltern und zuverl\u00e4ssiger Qualit\u00e4tslieferant f\u00fcr Wiederverk\u00e4ufer und Anlagenbauer","og_url":"https:\/\/wetzel-tech.de\/en\/products\/compact-filter\/","og_site_name":"Wetzel Technologies Europe GmbH","article_modified_time":"2026-04-11T12:51:07+00:00","og_image":[{"width":1345,"height":608,"url":"https:\/\/wetzel-tech.de\/wp-content\/uploads\/2026\/03\/wetztel-technologies.png","type":"image\/png"}],"twitter_card":"summary_large_image","schema":{"@context":"https:\/\/schema.org","@graph":[{"@type":"WebPage","@id":"https:\/\/wetzel-tech.de\/en\/products\/compact-filter\/","url":"https:\/\/wetzel-tech.de\/en\/products\/compact-filter\/","name":"Compact Filter Efficient removal of coarse and fine dust","isPartOf":{"@id":"https:\/\/wetzel-tech.de\/en\/#website"},"datePublished":"2026-03-23T14:54:04+00:00","dateModified":"2026-04-11T12:51:07+00:00","description":"Wetzel Technologies Europe GmbH ist einer der weltweit f\u00fchrenden Anbieter von industriellen Luftfiltern und zuverl\u00e4ssiger Qualit\u00e4tslieferant f\u00fcr Wiederverk\u00e4ufer und Anlagenbauer","breadcrumb":{"@id":"https:\/\/wetzel-tech.de\/en\/products\/compact-filter\/#breadcrumb"},"inLanguage":"en-US","potentialAction":[{"@type":"ReadAction","target":["https:\/\/wetzel-tech.de\/en\/products\/compact-filter\/"]}]},{"@type":"BreadcrumbList","@id":"https:\/\/wetzel-tech.de\/en\/products\/compact-filter\/#breadcrumb","itemListElement":[{"@type":"ListItem","position":1,"name":"Start","item":"https:\/\/wetzel-tech.de\/en\/"},{"@type":"ListItem","position":2,"name":"Products","item":"https:\/\/wetzel-tech.de\/en\/products\/"},{"@type":"ListItem","position":3,"name":"Compact Filter"}]},{"@type":"WebSite","@id":"https:\/\/wetzel-tech.de\/en\/#website","url":"https:\/\/wetzel-tech.de\/en\/","name":"Wetzel Technologies Europe GmbH","description":"industrielle Luftfilter","publisher":{"@id":"https:\/\/wetzel-tech.de\/en\/#organization"},"potentialAction":[{"@type":"SearchAction","target":{"@type":"EntryPoint","urlTemplate":"https:\/\/wetzel-tech.de\/en\/?s={search_term_string}"},"query-input":{"@type":"PropertyValueSpecification","valueRequired":true,"valueName":"search_term_string"}}],"inLanguage":"en-US"},{"@type":"Organization","@id":"https:\/\/wetzel-tech.de\/en\/#organization","name":"Wetzel Technologies Europe GmbH","url":"https:\/\/wetzel-tech.de\/en\/","logo":{"@type":"ImageObject","inLanguage":"en-US","@id":"https:\/\/wetzel-tech.de\/en\/#\/schema\/logo\/image\/","url":"https:\/\/wetzel-tech.de\/wp-content\/uploads\/2026\/03\/WTE_LOGO_2025_neu.png","contentUrl":"https:\/\/wetzel-tech.de\/wp-content\/uploads\/2026\/03\/WTE_LOGO_2025_neu.png","width":1345,"height":608,"caption":"Wetzel Technologies Europe GmbH"},"image":{"@id":"https:\/\/wetzel-tech.de\/en\/#\/schema\/logo\/image\/"}}]}},"_links":{"self":[{"href":"https:\/\/wetzel-tech.de\/en\/wp-json\/wp\/v2\/pages\/1520","targetHints":{"allow":["GET"]}}],"collection":[{"href":"https:\/\/wetzel-tech.de\/en\/wp-json\/wp\/v2\/pages"}],"about":[{"href":"https:\/\/wetzel-tech.de\/en\/wp-json\/wp\/v2\/types\/page"}],"author":[{"embeddable":true,"href":"https:\/\/wetzel-tech.de\/en\/wp-json\/wp\/v2\/users\/1"}],"replies":[{"embeddable":true,"href":"https:\/\/wetzel-tech.de\/en\/wp-json\/wp\/v2\/comments?post=1520"}],"version-history":[{"count":4,"href":"https:\/\/wetzel-tech.de\/en\/wp-json\/wp\/v2\/pages\/1520\/revisions"}],"predecessor-version":[{"id":1676,"href":"https:\/\/wetzel-tech.de\/en\/wp-json\/wp\/v2\/pages\/1520\/revisions\/1676"}],"up":[{"embeddable":true,"href":"https:\/\/wetzel-tech.de\/en\/wp-json\/wp\/v2\/pages\/1509"}],"wp:attachment":[{"href":"https:\/\/wetzel-tech.de\/en\/wp-json\/wp\/v2\/media?parent=1520"}],"curies":[{"name":"wp","href":"https:\/\/api.w.org\/{rel}","templated":true}]}}